{"id":3,"date":"2025-12-11T11:44:50","date_gmt":"2025-12-11T11:44:50","guid":{"rendered":"https:\/\/immobilienschweizdaetwyler.ch\/?page_id=3"},"modified":"2026-01-14T14:07:49","modified_gmt":"2026-01-14T14:07:49","slug":"privacy-policy","status":"publish","type":"page","link":"https:\/\/immobilienschweizdaetwyler.ch\/it\/privacy-policy\/","title":{"rendered":"Informativa sulla privacy"},"content":{"rendered":"<h3 class=\"wp-block-heading\"><strong>Introduzione<\/strong><\/h3>\n\n\n\n<p><br>Con la presente dichiarazione sulla protezione dei dati, vi informiamo su come trattiamo i dati personali nell'ambito delle nostre attivit\u00e0 commerciali, in particolare attraverso il nostro sito web e nell'ambito di campagne di marketing. La protezione dei vostri dati \u00e8 importante per noi.<br>Rispettiamo la legge svizzera sulla protezione dei dati (revDSG) e, ove applicabile, il Regolamento generale sulla protezione dei dati (GDPR) dell'Unione europea.<\/p>\n\n\n\n<h3 class=\"wp-block-heading\"><strong>Organismo responsabile<\/strong><\/h3>\n\n\n\n<p><br>Immobilien Schweiz D\u00e4twyler &amp; Nafzger GmbH<br>Hauptstrasse 55<br>6170 Sch\u00fcpfheim<br>Svizzera<br>E-mail: info@immosd.ch<\/p>\n\n\n\n<h3 class=\"wp-block-heading\"><strong>Finalit\u00e0 del trattamento dei dati<\/strong><\/h3>\n\n\n\n<p><br>Trattiamo i dati personali in particolare per le seguenti finalit\u00e0:<br>- Funzionamento e ottimizzazione del nostro sito web<br>- Comunicazione con le parti interessate e i clienti<br>- Implementazione di campagne sui social media (lead generation, remarketing, ecc.)<br>- Elaborazione dei contratti e fornitura di servizi<br>- Invio della newsletter (previo consenso)<br>- Conformit\u00e0 agli obblighi di legge<\/p>\n\n\n\n<h3 class=\"wp-block-heading\"><strong>Tipo di dati trattati<\/strong><\/h3>\n\n\n\n<p><br>A seconda dell'utilizzo, possono essere trattate le seguenti categorie di dati:<br>- Dati di inventario (ad es. nome, indirizzo, numero di telefono, e-mail)<br>- Dati di utilizzo (ad es. indirizzo IP, orario di accesso, contenuti cliccati)<br>- Dati di tracciamento e campagna (ad es. tramite Facebook Pixel, Google Ads, pixel di tracciamento)<br>- Dati di comunicazione (ad es. per richieste di informazioni o moduli)<\/p>\n\n\n\n<h3 class=\"wp-block-heading\"><strong>Media sociali e campagne<\/strong><\/h3>\n\n\n\n<p><br>Nell'ambito di campagne sui social media (ad esempio tramite Facebook, Instagram o Google Ads), raccogliamo dati personali attraverso moduli pubblicitari o il tracciamento del sito web. Questi dati vengono memorizzati e utilizzati per stabilire un contatto, qualificare i contatti, preparare le offerte e dare un seguito.<br>Potete opporvi all'uso dei vostri dati o revocare il vostro consenso in qualsiasi momento.<\/p>\n\n\n\n<h3 class=\"wp-block-heading\"><strong>Cookie e tracciamento<\/strong><\/h3>\n\n\n\n<p><br>Il nostro sito web utilizza cookie e tecnologie simili (ad esempio Google Analytics, Facebook Pixel) per analizzare l'utilizzo, personalizzare i contenuti e visualizzare pubblicit\u00e0 mirata.<br>Quando visitate il sito per la prima volta, vi informiamo sull'uso dei cookie e, se necessario, vi chiediamo il consenso.<br>\u00c8 possibile modificare le impostazioni dei cookie in qualsiasi momento tramite il browser.<\/p>\n\n\n\n<h3 class=\"wp-block-heading\"><strong>Divulgazione dei dati a terzi<\/strong><\/h3>\n\n\n\n<p><br>I dati saranno trasmessi a terzi solo se ci\u00f2 \u00e8 necessario per l'adempimento dei nostri compiti o se avete dato il vostro consenso - ad es:<br>- ai fornitori di hosting o agli strumenti di analisi<br>- a piattaforme quali Meta (Facebook, Instagram), Google, LinkedIn<br>- a fornitori di servizi esterni per la realizzazione delle campagne<br>In singoli casi, i dati possono essere trasferiti in paesi terzi. Ci assicuriamo che venga mantenuto un livello adeguato di protezione dei dati (ad esempio attraverso clausole contrattuali standard).<\/p>\n\n\n\n<h3 class=\"wp-block-heading\"><strong>Durata della conservazione<\/strong><\/h3>\n\n\n\n<p><br>I dati personali vengono conservati solo per il tempo necessario ai rispettivi scopi o obblighi legali. Successivamente vengono cancellati o resi anonimi.<\/p>\n\n\n\n<h3 class=\"wp-block-heading\"><strong>Diritti degli interessati<\/strong><\/h3>\n\n\n\n<p><br>Ne avete il diritto:<br>- alle informazioni sui vostri dati memorizzati<br>- Correzione di dati errati<br>- la cancellazione dei vostri dati (a condizione che non vi sia un obbligo di conservazione)<br>- alla limitazione del trattamento<br>- Revoca del consenso<br>- alla portabilit\u00e0 dei dati (se applicabile)<br>Si prega di inviare le richieste a: info@immosd.ch<\/p>\n\n\n\n<h3 class=\"wp-block-heading\"><strong>Sicurezza dei dati<\/strong><\/h3>\n\n\n\n<p><br>Adottiamo misure di sicurezza tecniche e organizzative adeguate per proteggere i vostri dati personali da accessi non autorizzati, perdita o uso improprio.<\/p>\n\n\n\n<h3 class=\"wp-block-heading\"><strong>Cambiamenti<\/strong><\/h3>\n\n\n\n<p><br>Ci riserviamo il diritto di modificare la presente informativa sulla privacy in qualsiasi momento. In ogni caso si applica la versione pubblicata sul nostro sito web.<\/p>\n\n\n\n<p><strong>Ultimo aggiornamento:<\/strong> Luglio 2025<\/p>","protected":false},"excerpt":{"rendered":"<p>Einleitung Mit dieser Datenschutzerkl\u00e4rung informieren wir Sie dar\u00fcber, wie wir personenbezogene Daten im Rahmen unserer gesch\u00e4ftlichen T\u00e4tigkeiten, insbesondere \u00fcber unsere Website und im Rahmen von Marketingkampagnen, bearbeiten. Der Schutz Ihrer Daten ist uns ein wichtiges Anliegen.Wir halten uns an das Schweizer Datenschutzgesetz (revDSG) und \u2013 sofern anwendbar \u2013 an die Datenschutz-Grundverordnung (DSGVO) der Europ\u00e4ischen Union. [&hellip;]<\/p>\n","protected":false},"author":1,"featured_media":0,"parent":0,"menu_order":1,"comment_status":"closed","ping_status":"open","template":"legal-pages","meta":{"_acf_changed":false,"footnotes":""},"class_list":["post-3","page","type-page","status-publish","hentry"],"acf":[],"yoast_head":"<!-- This site is optimized with the Yoast SEO plugin v27.0 - https:\/\/yoast.com\/product\/yoast-seo-wordpress\/ -->\n<title>Datenschutzerkl\u00e4rung | Immobilien Schweiz kaufen, verkaufen und mieten<\/title>\n<meta name=\"description\" content=\"Einleitung Mit dieser Datenschutzerkl\u00e4rung informieren wir Sie dar\u00fcber, wie wir personenbezogene Daten im Rahmen unserer gesch\u00e4ftlichen T\u00e4tigkeiten, Immobilien Schweiz D\u00e4twyler &amp; Nafzger \u2013 Ihr Partner f\u00fcr Kauf, Verkauf, Vermietung, Finanzierung und Projektentwicklung in der Zentralschweiz.\" \/>\n<meta name=\"robots\" content=\"index, follow, max-snippet:-1, max-image-preview:large, max-video-preview:-1\" \/>\n<link rel=\"canonical\" href=\"https:\/\/immobilienschweizdaetwyler.ch\/it\/privacy-policy\/\" \/>\n<meta property=\"og:locale\" content=\"it_IT\" \/>\n<meta property=\"og:type\" content=\"article\" \/>\n<meta property=\"og:title\" content=\"Datenschutzerkl\u00e4rung | Immobilien Schweiz kaufen, verkaufen und mieten\" \/>\n<meta property=\"og:description\" content=\"Einleitung Mit dieser Datenschutzerkl\u00e4rung informieren wir Sie dar\u00fcber, wie wir personenbezogene Daten im Rahmen unserer gesch\u00e4ftlichen T\u00e4tigkeiten, Immobilien Schweiz D\u00e4twyler &amp; Nafzger \u2013 Ihr Partner f\u00fcr Kauf, Verkauf, Vermietung, Finanzierung und Projektentwicklung in der Zentralschweiz.\" \/>\n<meta property=\"og:url\" content=\"https:\/\/immobilienschweizdaetwyler.ch\/it\/privacy-policy\/\" \/>\n<meta property=\"og:site_name\" content=\"Immobilien Schweiz kaufen, verkaufen und mieten\" \/>\n<meta property=\"article:modified_time\" content=\"2026-01-14T14:07:49+00:00\" \/>\n<meta name=\"twitter:card\" content=\"summary_large_image\" \/>\n<meta name=\"twitter:label1\" content=\"Est. reading time\" \/>\n\t<meta name=\"twitter:data1\" content=\"2 minuti\" \/>\n<script type=\"application\/ld+json\" class=\"yoast-schema-graph\">{\"@context\":\"https:\/\/schema.org\",\"@graph\":[{\"@type\":\"WebPage\",\"@id\":\"https:\/\/immobilienschweizdaetwyler.ch\/privacy-policy\/\",\"url\":\"https:\/\/immobilienschweizdaetwyler.ch\/privacy-policy\/\",\"name\":\"Datenschutzerkl\u00e4rung | Immobilien Schweiz kaufen, verkaufen und mieten\",\"isPartOf\":{\"@id\":\"https:\/\/immobilienschweizdaetwyler.ch\/#website\"},\"datePublished\":\"2025-12-11T11:44:50+00:00\",\"dateModified\":\"2026-01-14T14:07:49+00:00\",\"description\":\"Einleitung Mit dieser Datenschutzerkl\u00e4rung informieren wir Sie dar\u00fcber, wie wir personenbezogene Daten im Rahmen unserer gesch\u00e4ftlichen T\u00e4tigkeiten, Immobilien Schweiz D\u00e4twyler & Nafzger \u2013 Ihr Partner f\u00fcr Kauf, Verkauf, Vermietung, Finanzierung und Projektentwicklung in der Zentralschweiz.\",\"breadcrumb\":{\"@id\":\"https:\/\/immobilienschweizdaetwyler.ch\/privacy-policy\/#breadcrumb\"},\"inLanguage\":\"it-IT\",\"potentialAction\":[{\"@type\":\"ReadAction\",\"target\":[\"https:\/\/immobilienschweizdaetwyler.ch\/privacy-policy\/\"]}]},{\"@type\":\"BreadcrumbList\",\"@id\":\"https:\/\/immobilienschweizdaetwyler.ch\/privacy-policy\/#breadcrumb\",\"itemListElement\":[{\"@type\":\"ListItem\",\"position\":1,\"name\":\"Home\",\"item\":\"https:\/\/immobilienschweizdaetwyler.ch\/\"},{\"@type\":\"ListItem\",\"position\":2,\"name\":\"Datenschutzerkl\u00e4rung\"}]},{\"@type\":\"WebSite\",\"@id\":\"https:\/\/immobilienschweizdaetwyler.ch\/#website\",\"url\":\"https:\/\/immobilienschweizdaetwyler.ch\/\",\"name\":\"Immobilien Schweiz D\u00e4twyler & Nafzger\",\"description\":\"Immobilien kaufen und verkaufen\",\"publisher\":{\"@id\":\"https:\/\/immobilienschweizdaetwyler.ch\/#organization\"},\"alternateName\":\"D\u00e4twyler Immobilien\",\"potentialAction\":[{\"@type\":\"SearchAction\",\"target\":{\"@type\":\"EntryPoint\",\"urlTemplate\":\"https:\/\/immobilienschweizdaetwyler.ch\/?s={search_term_string}\"},\"query-input\":{\"@type\":\"PropertyValueSpecification\",\"valueRequired\":true,\"valueName\":\"search_term_string\"}}],\"inLanguage\":\"it-IT\"},{\"@type\":\"Organization\",\"@id\":\"https:\/\/immobilienschweizdaetwyler.ch\/#organization\",\"name\":\"Immobilien Schweiz\",\"url\":\"https:\/\/immobilienschweizdaetwyler.ch\/\",\"logo\":{\"@type\":\"ImageObject\",\"inLanguage\":\"it-IT\",\"@id\":\"https:\/\/immobilienschweizdaetwyler.ch\/#\/schema\/logo\/image\/\",\"url\":\"https:\/\/immobilienschweizdaetwyler.ch\/wp-content\/uploads\/2025\/12\/Logo.png\",\"contentUrl\":\"https:\/\/immobilienschweizdaetwyler.ch\/wp-content\/uploads\/2025\/12\/Logo.png\",\"width\":400,\"height\":214,\"caption\":\"Immobilien Schweiz\"},\"image\":{\"@id\":\"https:\/\/immobilienschweizdaetwyler.ch\/#\/schema\/logo\/image\/\"}}]}<\/script>\n<!-- \/ Yoast SEO plugin. -->","yoast_head_json":{"title":"Datenschutzerkl\u00e4rung | Immobilien Schweiz kaufen, verkaufen und mieten","description":"Einleitung Mit dieser Datenschutzerkl\u00e4rung informieren wir Sie dar\u00fcber, wie wir personenbezogene Daten im Rahmen unserer gesch\u00e4ftlichen T\u00e4tigkeiten, Immobilien Schweiz D\u00e4twyler & Nafzger \u2013 Ihr Partner f\u00fcr Kauf, Verkauf, Vermietung, Finanzierung und Projektentwicklung in der Zentralschweiz.","robots":{"index":"index","follow":"follow","max-snippet":"max-snippet:-1","max-image-preview":"max-image-preview:large","max-video-preview":"max-video-preview:-1"},"canonical":"https:\/\/immobilienschweizdaetwyler.ch\/it\/privacy-policy\/","og_locale":"it_IT","og_type":"article","og_title":"Datenschutzerkl\u00e4rung | Immobilien Schweiz kaufen, verkaufen und mieten","og_description":"Einleitung Mit dieser Datenschutzerkl\u00e4rung informieren wir Sie dar\u00fcber, wie wir personenbezogene Daten im Rahmen unserer gesch\u00e4ftlichen T\u00e4tigkeiten, Immobilien Schweiz D\u00e4twyler & Nafzger \u2013 Ihr Partner f\u00fcr Kauf, Verkauf, Vermietung, Finanzierung und Projektentwicklung in der Zentralschweiz.","og_url":"https:\/\/immobilienschweizdaetwyler.ch\/it\/privacy-policy\/","og_site_name":"Immobilien Schweiz kaufen, verkaufen und mieten","article_modified_time":"2026-01-14T14:07:49+00:00","twitter_card":"summary_large_image","twitter_misc":{"Est. reading time":"2 minuti"},"schema":{"@context":"https:\/\/schema.org","@graph":[{"@type":"WebPage","@id":"https:\/\/immobilienschweizdaetwyler.ch\/privacy-policy\/","url":"https:\/\/immobilienschweizdaetwyler.ch\/privacy-policy\/","name":"Datenschutzerkl\u00e4rung | Immobilien Schweiz kaufen, verkaufen und mieten","isPartOf":{"@id":"https:\/\/immobilienschweizdaetwyler.ch\/#website"},"datePublished":"2025-12-11T11:44:50+00:00","dateModified":"2026-01-14T14:07:49+00:00","description":"Einleitung Mit dieser Datenschutzerkl\u00e4rung informieren wir Sie dar\u00fcber, wie wir personenbezogene Daten im Rahmen unserer gesch\u00e4ftlichen T\u00e4tigkeiten, Immobilien Schweiz D\u00e4twyler & Nafzger \u2013 Ihr Partner f\u00fcr Kauf, Verkauf, Vermietung, Finanzierung und Projektentwicklung in der Zentralschweiz.","breadcrumb":{"@id":"https:\/\/immobilienschweizdaetwyler.ch\/privacy-policy\/#breadcrumb"},"inLanguage":"it-IT","potentialAction":[{"@type":"ReadAction","target":["https:\/\/immobilienschweizdaetwyler.ch\/privacy-policy\/"]}]},{"@type":"BreadcrumbList","@id":"https:\/\/immobilienschweizdaetwyler.ch\/privacy-policy\/#breadcrumb","itemListElement":[{"@type":"ListItem","position":1,"name":"Home","item":"https:\/\/immobilienschweizdaetwyler.ch\/"},{"@type":"ListItem","position":2,"name":"Datenschutzerkl\u00e4rung"}]},{"@type":"WebSite","@id":"https:\/\/immobilienschweizdaetwyler.ch\/#website","url":"https:\/\/immobilienschweizdaetwyler.ch\/","name":"Immobilien Schweiz D\u00e4twyler & Nafzger","description":"Acquisto e vendita di immobili","publisher":{"@id":"https:\/\/immobilienschweizdaetwyler.ch\/#organization"},"alternateName":"D\u00e4twyler Immobilien","potentialAction":[{"@type":"SearchAction","target":{"@type":"EntryPoint","urlTemplate":"https:\/\/immobilienschweizdaetwyler.ch\/?s={search_term_string}"},"query-input":{"@type":"PropertyValueSpecification","valueRequired":true,"valueName":"search_term_string"}}],"inLanguage":"it-IT"},{"@type":"Organization","@id":"https:\/\/immobilienschweizdaetwyler.ch\/#organization","name":"Immobilien Schweiz","url":"https:\/\/immobilienschweizdaetwyler.ch\/","logo":{"@type":"ImageObject","inLanguage":"it-IT","@id":"https:\/\/immobilienschweizdaetwyler.ch\/#\/schema\/logo\/image\/","url":"https:\/\/immobilienschweizdaetwyler.ch\/wp-content\/uploads\/2025\/12\/Logo.png","contentUrl":"https:\/\/immobilienschweizdaetwyler.ch\/wp-content\/uploads\/2025\/12\/Logo.png","width":400,"height":214,"caption":"Immobilien Schweiz"},"image":{"@id":"https:\/\/immobilienschweizdaetwyler.ch\/#\/schema\/logo\/image\/"}}]}},"_links":{"self":[{"href":"https:\/\/immobilienschweizdaetwyler.ch\/it\/wp-json\/wp\/v2\/pages\/3","targetHints":{"allow":["GET"]}}],"collection":[{"href":"https:\/\/immobilienschweizdaetwyler.ch\/it\/wp-json\/wp\/v2\/pages"}],"about":[{"href":"https:\/\/immobilienschweizdaetwyler.ch\/it\/wp-json\/wp\/v2\/types\/page"}],"author":[{"embeddable":true,"href":"https:\/\/immobilienschweizdaetwyler.ch\/it\/wp-json\/wp\/v2\/users\/1"}],"replies":[{"embeddable":true,"href":"https:\/\/immobilienschweizdaetwyler.ch\/it\/wp-json\/wp\/v2\/comments?post=3"}],"version-history":[{"count":4,"href":"https:\/\/immobilienschweizdaetwyler.ch\/it\/wp-json\/wp\/v2\/pages\/3\/revisions"}],"predecessor-version":[{"id":728,"href":"https:\/\/immobilienschweizdaetwyler.ch\/it\/wp-json\/wp\/v2\/pages\/3\/revisions\/728"}],"wp:attachment":[{"href":"https:\/\/immobilienschweizdaetwyler.ch\/it\/wp-json\/wp\/v2\/media?parent=3"}],"curies":[{"name":"wp","href":"https:\/\/api.w.org\/{rel}","templated":true}]}}