{"id":30,"date":"2025-12-11T17:00:42","date_gmt":"2025-12-11T17:00:42","guid":{"rendered":"https:\/\/immobilienschweizdaetwyler.ch\/kontakt\/"},"modified":"2026-04-09T14:45:49","modified_gmt":"2026-04-09T14:45:49","slug":"kontakt","status":"publish","type":"page","link":"https:\/\/immobilienschweizdaetwyler.ch\/it\/kontakt\/","title":{"rendered":"Avete domande?"},"content":{"rendered":"<section class=\"alignfull is-layout-constrained relative wp-block-fancoolo-section\">\n    \n    <div class=\"alignwide\">\n        \n        <div class=\"fancoolo-block-inserter\"><\/div><\/div>\n\n<\/section>","protected":false},"excerpt":{"rendered":"","protected":false},"author":1,"featured_media":0,"parent":0,"menu_order":6,"comment_status":"closed","ping_status":"closed","template":"","meta":{"_acf_changed":false,"footnotes":""},"class_list":["post-30","page","type-page","status-publish","hentry"],"acf":[],"yoast_head":"<!-- This site is optimized with the Yoast SEO plugin v27.0 - https:\/\/yoast.com\/product\/yoast-seo-wordpress\/ -->\n<title>Haben Sie Fragen? | Immobilien Schweiz kaufen, verkaufen und mieten<\/title>\n<meta name=\"description\" content=\"Adresse Immobilien Schweiz D\u00e4twyler &amp; Nafzger GmbHHauptstrasse 556170 Sch\u00fcpfheim Kontakt E-Mail: info@immosd.chTelefonnummern: DE: +41 79 257 60 60 Immobilien Schweiz D\u00e4twyler &amp; Nafzger \u2013 Ihr Partner f\u00fcr Kauf, Verkauf, Vermietung, Finanzierung und Projektentwicklung in der Zentralschweiz.\" \/>\n<meta name=\"robots\" content=\"index, follow, max-snippet:-1, max-image-preview:large, max-video-preview:-1\" \/>\n<link rel=\"canonical\" href=\"https:\/\/immobilienschweizdaetwyler.ch\/it\/kontakt\/\" \/>\n<meta property=\"og:locale\" content=\"it_IT\" \/>\n<meta property=\"og:type\" content=\"article\" \/>\n<meta property=\"og:title\" content=\"Haben Sie Fragen? | Immobilien Schweiz kaufen, verkaufen und mieten\" \/>\n<meta property=\"og:description\" content=\"Adresse Immobilien Schweiz D\u00e4twyler &amp; Nafzger GmbHHauptstrasse 556170 Sch\u00fcpfheim Kontakt E-Mail: info@immosd.chTelefonnummern: DE: +41 79 257 60 60 Immobilien Schweiz D\u00e4twyler &amp; Nafzger \u2013 Ihr Partner f\u00fcr Kauf, Verkauf, Vermietung, Finanzierung und Projektentwicklung in der Zentralschweiz.\" \/>\n<meta property=\"og:url\" content=\"https:\/\/immobilienschweizdaetwyler.ch\/it\/kontakt\/\" \/>\n<meta property=\"og:site_name\" content=\"Immobilien Schweiz kaufen, verkaufen und mieten\" \/>\n<meta property=\"article:modified_time\" content=\"2026-04-09T14:45:49+00:00\" \/>\n<meta name=\"twitter:card\" content=\"summary_large_image\" \/>\n<meta name=\"twitter:label1\" content=\"Est. reading time\" \/>\n\t<meta name=\"twitter:data1\" content=\"1 minuto\" \/>\n<script type=\"application\/ld+json\" class=\"yoast-schema-graph\">{\"@context\":\"https:\/\/schema.org\",\"@graph\":[{\"@type\":\"WebPage\",\"@id\":\"https:\/\/immobilienschweizdaetwyler.ch\/kontakt\/\",\"url\":\"https:\/\/immobilienschweizdaetwyler.ch\/kontakt\/\",\"name\":\"Haben Sie Fragen? | Immobilien Schweiz kaufen, verkaufen und mieten\",\"isPartOf\":{\"@id\":\"https:\/\/immobilienschweizdaetwyler.ch\/#website\"},\"datePublished\":\"2025-12-11T17:00:42+00:00\",\"dateModified\":\"2026-04-09T14:45:49+00:00\",\"description\":\"Adresse Immobilien Schweiz D\u00e4twyler &amp; Nafzger GmbHHauptstrasse 556170 Sch\u00fcpfheim Kontakt E-Mail: info@immosd.chTelefonnummern: DE: +41 79 257 60 60 Immobilien Schweiz D\u00e4twyler & Nafzger \u2013 Ihr Partner f\u00fcr Kauf, Verkauf, Vermietung, Finanzierung und Projektentwicklung in der Zentralschweiz.\",\"breadcrumb\":{\"@id\":\"https:\/\/immobilienschweizdaetwyler.ch\/kontakt\/#breadcrumb\"},\"inLanguage\":\"it-IT\",\"potentialAction\":[{\"@type\":\"ReadAction\",\"target\":[\"https:\/\/immobilienschweizdaetwyler.ch\/kontakt\/\"]}]},{\"@type\":\"BreadcrumbList\",\"@id\":\"https:\/\/immobilienschweizdaetwyler.ch\/kontakt\/#breadcrumb\",\"itemListElement\":[{\"@type\":\"ListItem\",\"position\":1,\"name\":\"Home\",\"item\":\"https:\/\/immobilienschweizdaetwyler.ch\/\"},{\"@type\":\"ListItem\",\"position\":2,\"name\":\"Haben Sie Fragen?\"}]},{\"@type\":\"WebSite\",\"@id\":\"https:\/\/immobilienschweizdaetwyler.ch\/#website\",\"url\":\"https:\/\/immobilienschweizdaetwyler.ch\/\",\"name\":\"Immobilien Schweiz D\u00e4twyler & Nafzger\",\"description\":\"Immobilien kaufen und verkaufen\",\"publisher\":{\"@id\":\"https:\/\/immobilienschweizdaetwyler.ch\/#organization\"},\"alternateName\":\"D\u00e4twyler Immobilien\",\"potentialAction\":[{\"@type\":\"SearchAction\",\"target\":{\"@type\":\"EntryPoint\",\"urlTemplate\":\"https:\/\/immobilienschweizdaetwyler.ch\/?s={search_term_string}\"},\"query-input\":{\"@type\":\"PropertyValueSpecification\",\"valueRequired\":true,\"valueName\":\"search_term_string\"}}],\"inLanguage\":\"it-IT\"},{\"@type\":\"Organization\",\"@id\":\"https:\/\/immobilienschweizdaetwyler.ch\/#organization\",\"name\":\"Immobilien Schweiz\",\"url\":\"https:\/\/immobilienschweizdaetwyler.ch\/\",\"logo\":{\"@type\":\"ImageObject\",\"inLanguage\":\"it-IT\",\"@id\":\"https:\/\/immobilienschweizdaetwyler.ch\/#\/schema\/logo\/image\/\",\"url\":\"https:\/\/immobilienschweizdaetwyler.ch\/wp-content\/uploads\/2025\/12\/Logo.png\",\"contentUrl\":\"https:\/\/immobilienschweizdaetwyler.ch\/wp-content\/uploads\/2025\/12\/Logo.png\",\"width\":400,\"height\":214,\"caption\":\"Immobilien Schweiz\"},\"image\":{\"@id\":\"https:\/\/immobilienschweizdaetwyler.ch\/#\/schema\/logo\/image\/\"}}]}<\/script>\n<!-- \/ Yoast SEO plugin. -->","yoast_head_json":{"title":"Haben Sie Fragen? | Immobilien Schweiz kaufen, verkaufen und mieten","description":"Adresse Immobilien Schweiz D\u00e4twyler &amp; Nafzger GmbHHauptstrasse 556170 Sch\u00fcpfheim Kontakt E-Mail: info@immosd.chTelefonnummern: DE: +41 79 257 60 60 Immobilien Schweiz D\u00e4twyler & Nafzger \u2013 Ihr Partner f\u00fcr Kauf, Verkauf, Vermietung, Finanzierung und Projektentwicklung in der Zentralschweiz.","robots":{"index":"index","follow":"follow","max-snippet":"max-snippet:-1","max-image-preview":"max-image-preview:large","max-video-preview":"max-video-preview:-1"},"canonical":"https:\/\/immobilienschweizdaetwyler.ch\/it\/kontakt\/","og_locale":"it_IT","og_type":"article","og_title":"Haben Sie Fragen? | Immobilien Schweiz kaufen, verkaufen und mieten","og_description":"Adresse Immobilien Schweiz D\u00e4twyler &amp; Nafzger GmbHHauptstrasse 556170 Sch\u00fcpfheim Kontakt E-Mail: info@immosd.chTelefonnummern: DE: +41 79 257 60 60 Immobilien Schweiz D\u00e4twyler & Nafzger \u2013 Ihr Partner f\u00fcr Kauf, Verkauf, Vermietung, Finanzierung und Projektentwicklung in der Zentralschweiz.","og_url":"https:\/\/immobilienschweizdaetwyler.ch\/it\/kontakt\/","og_site_name":"Immobilien Schweiz kaufen, verkaufen und mieten","article_modified_time":"2026-04-09T14:45:49+00:00","twitter_card":"summary_large_image","twitter_misc":{"Est. reading time":"1 minuto"},"schema":{"@context":"https:\/\/schema.org","@graph":[{"@type":"WebPage","@id":"https:\/\/immobilienschweizdaetwyler.ch\/kontakt\/","url":"https:\/\/immobilienschweizdaetwyler.ch\/kontakt\/","name":"Haben Sie Fragen? | Immobilien Schweiz kaufen, verkaufen und mieten","isPartOf":{"@id":"https:\/\/immobilienschweizdaetwyler.ch\/#website"},"datePublished":"2025-12-11T17:00:42+00:00","dateModified":"2026-04-09T14:45:49+00:00","description":"Adresse Immobilien Schweiz D\u00e4twyler &amp; Nafzger GmbHHauptstrasse 556170 Sch\u00fcpfheim Kontakt E-Mail: info@immosd.chTelefonnummern: DE: +41 79 257 60 60 Immobilien Schweiz D\u00e4twyler & Nafzger \u2013 Ihr Partner f\u00fcr Kauf, Verkauf, Vermietung, Finanzierung und Projektentwicklung in der Zentralschweiz.","breadcrumb":{"@id":"https:\/\/immobilienschweizdaetwyler.ch\/kontakt\/#breadcrumb"},"inLanguage":"it-IT","potentialAction":[{"@type":"ReadAction","target":["https:\/\/immobilienschweizdaetwyler.ch\/kontakt\/"]}]},{"@type":"BreadcrumbList","@id":"https:\/\/immobilienschweizdaetwyler.ch\/kontakt\/#breadcrumb","itemListElement":[{"@type":"ListItem","position":1,"name":"Home","item":"https:\/\/immobilienschweizdaetwyler.ch\/"},{"@type":"ListItem","position":2,"name":"Haben Sie Fragen?"}]},{"@type":"WebSite","@id":"https:\/\/immobilienschweizdaetwyler.ch\/#website","url":"https:\/\/immobilienschweizdaetwyler.ch\/","name":"Immobilien Schweiz D\u00e4twyler & Nafzger","description":"Acquisto e vendita di immobili","publisher":{"@id":"https:\/\/immobilienschweizdaetwyler.ch\/#organization"},"alternateName":"D\u00e4twyler Immobilien","potentialAction":[{"@type":"SearchAction","target":{"@type":"EntryPoint","urlTemplate":"https:\/\/immobilienschweizdaetwyler.ch\/?s={search_term_string}"},"query-input":{"@type":"PropertyValueSpecification","valueRequired":true,"valueName":"search_term_string"}}],"inLanguage":"it-IT"},{"@type":"Organization","@id":"https:\/\/immobilienschweizdaetwyler.ch\/#organization","name":"Immobilien Schweiz","url":"https:\/\/immobilienschweizdaetwyler.ch\/","logo":{"@type":"ImageObject","inLanguage":"it-IT","@id":"https:\/\/immobilienschweizdaetwyler.ch\/#\/schema\/logo\/image\/","url":"https:\/\/immobilienschweizdaetwyler.ch\/wp-content\/uploads\/2025\/12\/Logo.png","contentUrl":"https:\/\/immobilienschweizdaetwyler.ch\/wp-content\/uploads\/2025\/12\/Logo.png","width":400,"height":214,"caption":"Immobilien Schweiz"},"image":{"@id":"https:\/\/immobilienschweizdaetwyler.ch\/#\/schema\/logo\/image\/"}}]}},"_links":{"self":[{"href":"https:\/\/immobilienschweizdaetwyler.ch\/it\/wp-json\/wp\/v2\/pages\/30","targetHints":{"allow":["GET"]}}],"collection":[{"href":"https:\/\/immobilienschweizdaetwyler.ch\/it\/wp-json\/wp\/v2\/pages"}],"about":[{"href":"https:\/\/immobilienschweizdaetwyler.ch\/it\/wp-json\/wp\/v2\/types\/page"}],"author":[{"embeddable":true,"href":"https:\/\/immobilienschweizdaetwyler.ch\/it\/wp-json\/wp\/v2\/users\/1"}],"replies":[{"embeddable":true,"href":"https:\/\/immobilienschweizdaetwyler.ch\/it\/wp-json\/wp\/v2\/comments?post=30"}],"version-history":[{"count":16,"href":"https:\/\/immobilienschweizdaetwyler.ch\/it\/wp-json\/wp\/v2\/pages\/30\/revisions"}],"predecessor-version":[{"id":902,"href":"https:\/\/immobilienschweizdaetwyler.ch\/it\/wp-json\/wp\/v2\/pages\/30\/revisions\/902"}],"wp:attachment":[{"href":"https:\/\/immobilienschweizdaetwyler.ch\/it\/wp-json\/wp\/v2\/media?parent=30"}],"curies":[{"name":"wp","href":"https:\/\/api.w.org\/{rel}","templated":true}]}}