{"id":32,"date":"2025-12-11T17:00:42","date_gmt":"2025-12-11T17:00:42","guid":{"rendered":"https:\/\/immobilienschweizdaetwyler.ch\/rechtliches\/"},"modified":"2025-12-15T12:01:49","modified_gmt":"2025-12-15T12:01:49","slug":"rechtliches","status":"publish","type":"page","link":"https:\/\/immobilienschweizdaetwyler.ch\/it\/rechtliches\/","title":{"rendered":"Questioni legali"},"content":{"rendered":"<p><\/p>\n\n\n\n<p>L'informativa sulla privacy si basa sull'attuale legge svizzera sulla protezione dei dati (revDSG) e fornisce informazioni su<\/p>\n\n\n\n<p>Raccolta e utilizzo dei dati personali<\/p>\n\n\n\n<p>Conservazione e custodia<\/p>\n\n\n\n<p>Cookie e tracciamento<\/p>\n\n\n\n<p>Diritti degli utenti<\/p>\n\n\n\n<p>Contatto per le richieste di informazioni sulla protezione dei dati<\/p>","protected":false},"excerpt":{"rendered":"<p>Die Datenschutzerkl\u00e4rung basiert auf dem aktuellen Schweizer Datenschutzgesetz (revDSG) und informiert \u00fcber: Erfassung und Verwendung personenbezogener Daten Speicherung und Aufbewahrung Cookies und Tracking Rechte der Nutzerinnen und Nutzer Kontakt f\u00fcr Datenschutzanfragen<\/p>","protected":false},"author":1,"featured_media":0,"parent":0,"menu_order":9,"comment_status":"closed","ping_status":"closed","template":"legal-pages","meta":{"_acf_changed":false,"footnotes":""},"class_list":["post-32","page","type-page","status-publish","hentry"],"acf":[],"yoast_head":"<!-- This site is optimized with the Yoast SEO plugin v27.0 - https:\/\/yoast.com\/product\/yoast-seo-wordpress\/ -->\n<title>Rechtliches | Immobilien Schweiz kaufen, verkaufen und mieten<\/title>\n<meta name=\"description\" content=\"Die Datenschutzerkl\u00e4rung basiert auf dem aktuellen Schweizer Datenschutzgesetz (revDSG) und informiert \u00fcber: Erfassung und Verwendung personenbezogener Immobilien Schweiz D\u00e4twyler &amp; Nafzger \u2013 Ihr Partner f\u00fcr Kauf, Verkauf, Vermietung, Finanzierung und Projektentwicklung in der Zentralschweiz.\" \/>\n<meta name=\"robots\" content=\"index, follow, max-snippet:-1, max-image-preview:large, max-video-preview:-1\" \/>\n<link rel=\"canonical\" href=\"https:\/\/immobilienschweizdaetwyler.ch\/it\/rechtliches\/\" \/>\n<meta property=\"og:locale\" content=\"it_IT\" \/>\n<meta property=\"og:type\" content=\"article\" \/>\n<meta property=\"og:title\" content=\"Rechtliches | Immobilien Schweiz kaufen, verkaufen und mieten\" \/>\n<meta property=\"og:description\" content=\"Die Datenschutzerkl\u00e4rung basiert auf dem aktuellen Schweizer Datenschutzgesetz (revDSG) und informiert \u00fcber: Erfassung und Verwendung personenbezogener Immobilien Schweiz D\u00e4twyler &amp; Nafzger \u2013 Ihr Partner f\u00fcr Kauf, Verkauf, Vermietung, Finanzierung und Projektentwicklung in der Zentralschweiz.\" \/>\n<meta property=\"og:url\" content=\"https:\/\/immobilienschweizdaetwyler.ch\/it\/rechtliches\/\" \/>\n<meta property=\"og:site_name\" content=\"Immobilien Schweiz kaufen, verkaufen und mieten\" \/>\n<meta property=\"article:modified_time\" content=\"2025-12-15T12:01:49+00:00\" \/>\n<meta name=\"twitter:card\" content=\"summary_large_image\" \/>\n<script type=\"application\/ld+json\" class=\"yoast-schema-graph\">{\"@context\":\"https:\/\/schema.org\",\"@graph\":[{\"@type\":\"WebPage\",\"@id\":\"https:\/\/immobilienschweizdaetwyler.ch\/rechtliches\/\",\"url\":\"https:\/\/immobilienschweizdaetwyler.ch\/rechtliches\/\",\"name\":\"Rechtliches | Immobilien Schweiz kaufen, verkaufen und mieten\",\"isPartOf\":{\"@id\":\"https:\/\/immobilienschweizdaetwyler.ch\/#website\"},\"datePublished\":\"2025-12-11T17:00:42+00:00\",\"dateModified\":\"2025-12-15T12:01:49+00:00\",\"description\":\"Die Datenschutzerkl\u00e4rung basiert auf dem aktuellen Schweizer Datenschutzgesetz (revDSG) und informiert \u00fcber: Erfassung und Verwendung personenbezogener Immobilien Schweiz D\u00e4twyler & Nafzger \u2013 Ihr Partner f\u00fcr Kauf, Verkauf, Vermietung, Finanzierung und Projektentwicklung in der Zentralschweiz.\",\"breadcrumb\":{\"@id\":\"https:\/\/immobilienschweizdaetwyler.ch\/rechtliches\/#breadcrumb\"},\"inLanguage\":\"it-IT\",\"potentialAction\":[{\"@type\":\"ReadAction\",\"target\":[\"https:\/\/immobilienschweizdaetwyler.ch\/rechtliches\/\"]}]},{\"@type\":\"BreadcrumbList\",\"@id\":\"https:\/\/immobilienschweizdaetwyler.ch\/rechtliches\/#breadcrumb\",\"itemListElement\":[{\"@type\":\"ListItem\",\"position\":1,\"name\":\"Home\",\"item\":\"https:\/\/immobilienschweizdaetwyler.ch\/\"},{\"@type\":\"ListItem\",\"position\":2,\"name\":\"Rechtliches\"}]},{\"@type\":\"WebSite\",\"@id\":\"https:\/\/immobilienschweizdaetwyler.ch\/#website\",\"url\":\"https:\/\/immobilienschweizdaetwyler.ch\/\",\"name\":\"Immobilien Schweiz D\u00e4twyler & Nafzger\",\"description\":\"Immobilien kaufen und verkaufen\",\"publisher\":{\"@id\":\"https:\/\/immobilienschweizdaetwyler.ch\/#organization\"},\"alternateName\":\"D\u00e4twyler Immobilien\",\"potentialAction\":[{\"@type\":\"SearchAction\",\"target\":{\"@type\":\"EntryPoint\",\"urlTemplate\":\"https:\/\/immobilienschweizdaetwyler.ch\/?s={search_term_string}\"},\"query-input\":{\"@type\":\"PropertyValueSpecification\",\"valueRequired\":true,\"valueName\":\"search_term_string\"}}],\"inLanguage\":\"it-IT\"},{\"@type\":\"Organization\",\"@id\":\"https:\/\/immobilienschweizdaetwyler.ch\/#organization\",\"name\":\"Immobilien Schweiz\",\"url\":\"https:\/\/immobilienschweizdaetwyler.ch\/\",\"logo\":{\"@type\":\"ImageObject\",\"inLanguage\":\"it-IT\",\"@id\":\"https:\/\/immobilienschweizdaetwyler.ch\/#\/schema\/logo\/image\/\",\"url\":\"https:\/\/immobilienschweizdaetwyler.ch\/wp-content\/uploads\/2025\/12\/Logo.png\",\"contentUrl\":\"https:\/\/immobilienschweizdaetwyler.ch\/wp-content\/uploads\/2025\/12\/Logo.png\",\"width\":400,\"height\":214,\"caption\":\"Immobilien Schweiz\"},\"image\":{\"@id\":\"https:\/\/immobilienschweizdaetwyler.ch\/#\/schema\/logo\/image\/\"}}]}<\/script>\n<!-- \/ Yoast SEO plugin. -->","yoast_head_json":{"title":"Rechtliches | Immobilien Schweiz kaufen, verkaufen und mieten","description":"Die Datenschutzerkl\u00e4rung basiert auf dem aktuellen Schweizer Datenschutzgesetz (revDSG) und informiert \u00fcber: Erfassung und Verwendung personenbezogener Immobilien Schweiz D\u00e4twyler & Nafzger \u2013 Ihr Partner f\u00fcr Kauf, Verkauf, Vermietung, Finanzierung und Projektentwicklung in der Zentralschweiz.","robots":{"index":"index","follow":"follow","max-snippet":"max-snippet:-1","max-image-preview":"max-image-preview:large","max-video-preview":"max-video-preview:-1"},"canonical":"https:\/\/immobilienschweizdaetwyler.ch\/it\/rechtliches\/","og_locale":"it_IT","og_type":"article","og_title":"Rechtliches | Immobilien Schweiz kaufen, verkaufen und mieten","og_description":"Die Datenschutzerkl\u00e4rung basiert auf dem aktuellen Schweizer Datenschutzgesetz (revDSG) und informiert \u00fcber: Erfassung und Verwendung personenbezogener Immobilien Schweiz D\u00e4twyler & Nafzger \u2013 Ihr Partner f\u00fcr Kauf, Verkauf, Vermietung, Finanzierung und Projektentwicklung in der Zentralschweiz.","og_url":"https:\/\/immobilienschweizdaetwyler.ch\/it\/rechtliches\/","og_site_name":"Immobilien Schweiz kaufen, verkaufen und mieten","article_modified_time":"2025-12-15T12:01:49+00:00","twitter_card":"summary_large_image","schema":{"@context":"https:\/\/schema.org","@graph":[{"@type":"WebPage","@id":"https:\/\/immobilienschweizdaetwyler.ch\/rechtliches\/","url":"https:\/\/immobilienschweizdaetwyler.ch\/rechtliches\/","name":"Rechtliches | Immobilien Schweiz kaufen, verkaufen und mieten","isPartOf":{"@id":"https:\/\/immobilienschweizdaetwyler.ch\/#website"},"datePublished":"2025-12-11T17:00:42+00:00","dateModified":"2025-12-15T12:01:49+00:00","description":"Die Datenschutzerkl\u00e4rung basiert auf dem aktuellen Schweizer Datenschutzgesetz (revDSG) und informiert \u00fcber: Erfassung und Verwendung personenbezogener Immobilien Schweiz D\u00e4twyler & Nafzger \u2013 Ihr Partner f\u00fcr Kauf, Verkauf, Vermietung, Finanzierung und Projektentwicklung in der Zentralschweiz.","breadcrumb":{"@id":"https:\/\/immobilienschweizdaetwyler.ch\/rechtliches\/#breadcrumb"},"inLanguage":"it-IT","potentialAction":[{"@type":"ReadAction","target":["https:\/\/immobilienschweizdaetwyler.ch\/rechtliches\/"]}]},{"@type":"BreadcrumbList","@id":"https:\/\/immobilienschweizdaetwyler.ch\/rechtliches\/#breadcrumb","itemListElement":[{"@type":"ListItem","position":1,"name":"Home","item":"https:\/\/immobilienschweizdaetwyler.ch\/"},{"@type":"ListItem","position":2,"name":"Rechtliches"}]},{"@type":"WebSite","@id":"https:\/\/immobilienschweizdaetwyler.ch\/#website","url":"https:\/\/immobilienschweizdaetwyler.ch\/","name":"Immobilien Schweiz D\u00e4twyler & Nafzger","description":"Acquisto e vendita di immobili","publisher":{"@id":"https:\/\/immobilienschweizdaetwyler.ch\/#organization"},"alternateName":"D\u00e4twyler Immobilien","potentialAction":[{"@type":"SearchAction","target":{"@type":"EntryPoint","urlTemplate":"https:\/\/immobilienschweizdaetwyler.ch\/?s={search_term_string}"},"query-input":{"@type":"PropertyValueSpecification","valueRequired":true,"valueName":"search_term_string"}}],"inLanguage":"it-IT"},{"@type":"Organization","@id":"https:\/\/immobilienschweizdaetwyler.ch\/#organization","name":"Immobilien Schweiz","url":"https:\/\/immobilienschweizdaetwyler.ch\/","logo":{"@type":"ImageObject","inLanguage":"it-IT","@id":"https:\/\/immobilienschweizdaetwyler.ch\/#\/schema\/logo\/image\/","url":"https:\/\/immobilienschweizdaetwyler.ch\/wp-content\/uploads\/2025\/12\/Logo.png","contentUrl":"https:\/\/immobilienschweizdaetwyler.ch\/wp-content\/uploads\/2025\/12\/Logo.png","width":400,"height":214,"caption":"Immobilien Schweiz"},"image":{"@id":"https:\/\/immobilienschweizdaetwyler.ch\/#\/schema\/logo\/image\/"}}]}},"_links":{"self":[{"href":"https:\/\/immobilienschweizdaetwyler.ch\/it\/wp-json\/wp\/v2\/pages\/32","targetHints":{"allow":["GET"]}}],"collection":[{"href":"https:\/\/immobilienschweizdaetwyler.ch\/it\/wp-json\/wp\/v2\/pages"}],"about":[{"href":"https:\/\/immobilienschweizdaetwyler.ch\/it\/wp-json\/wp\/v2\/types\/page"}],"author":[{"embeddable":true,"href":"https:\/\/immobilienschweizdaetwyler.ch\/it\/wp-json\/wp\/v2\/users\/1"}],"replies":[{"embeddable":true,"href":"https:\/\/immobilienschweizdaetwyler.ch\/it\/wp-json\/wp\/v2\/comments?post=32"}],"version-history":[{"count":2,"href":"https:\/\/immobilienschweizdaetwyler.ch\/it\/wp-json\/wp\/v2\/pages\/32\/revisions"}],"predecessor-version":[{"id":588,"href":"https:\/\/immobilienschweizdaetwyler.ch\/it\/wp-json\/wp\/v2\/pages\/32\/revisions\/588"}],"wp:attachment":[{"href":"https:\/\/immobilienschweizdaetwyler.ch\/it\/wp-json\/wp\/v2\/media?parent=32"}],"curies":[{"name":"wp","href":"https:\/\/api.w.org\/{rel}","templated":true}]}}